{"id":1267,"date":"2024-10-16T10:34:54","date_gmt":"2024-10-16T10:34:54","guid":{"rendered":"https:\/\/skillstream.qodeinteractive.com\/?page_id=1267"},"modified":"2025-09-25T09:38:01","modified_gmt":"2025-09-25T14:38:01","slug":"somos_ivirtuo","status":"publish","type":"page","link":"https:\/\/ivirtuoacademy.com\/en\/somos_ivirtuo\/","title":{"rendered":"Somos iVirtuo"},"content":{"rendered":"<div data-elementor-type=\"wp-page\" data-elementor-id=\"1267\" class=\"elementor elementor-1267\">\n\t\t\t\t<div class=\"elementor-element elementor-element-bc6e8a9 e-con-full e-flex e-con e-parent\" data-id=\"bc6e8a9\" data-element_type=\"container\" data-settings=\"{&quot;background_background&quot;:&quot;classic&quot;}\">\n\t\t<div class=\"elementor-element elementor-element-e815222 e-con-full qodef-elementor-content-grid e-flex e-con e-child\" data-id=\"e815222\" data-element_type=\"container\">\n\t\t\t\t<div class=\"elementor-element elementor-element-7f15f76 elementor-widget elementor-widget-skillstream_core_section_title\" data-id=\"7f15f76\" data-element_type=\"widget\" data-widget_type=\"skillstream_core_section_title.default\">\n\t\t\t\t<div class=\"elementor-widget-container\">\n\t\t\t\t\t<div class=\"qodef-shortcode qodef-m  qodef-section-title qodef-alignment--left qodef-title-break--disabled\">\n\t\t<h3 class=\"qodef-m-title\" >\n\t\t\t\t\tiVirtuo es la manera en la que la educaci\u00f3n transforma la vida de las personas\t\t\t<\/h3>\n\t<\/div>\n\t\t\t\t<\/div>\n\t\t\t\t<\/div>\n\t\t\t\t<\/div>\n\t\t<div class=\"elementor-element elementor-element-a13b533 e-con-full qodef-elementor-content-grid e-flex e-con e-child\" data-id=\"a13b533\" data-element_type=\"container\">\n\t\t<div class=\"elementor-element elementor-element-f4cb210 e-con-full e-flex e-con e-child\" data-id=\"f4cb210\" data-element_type=\"container\">\n\t\t\t\t<div class=\"elementor-element elementor-element-033034a elementor-widget__width-initial elementor-widget-mobile__width-inherit elementor-widget elementor-widget-skillstream_core_section_title\" data-id=\"033034a\" data-element_type=\"widget\" data-widget_type=\"skillstream_core_section_title.default\">\n\t\t\t\t<div class=\"elementor-widget-container\">\n\t\t\t\t\t<div class=\"qodef-shortcode qodef-m  qodef-section-title qodef-alignment--left\">\n\t\t<h4 class=\"qodef-m-title\" >\n\t\t\t\t\tUna manera de transformar tu forma de ver el mundo\t\t\t<\/h4>\n\t\t<p class=\"qodef-m-text\" style=\"margin-top: 25px\">En iVirtuo hacemos que aprender sea m\u00e1s f\u00e1cil, r\u00e1pido y efectivo. Somos una plataforma de formaci\u00f3n virtual pensada para personas, empresas y organizaciones que quieren crecer sin perder tiempo.<\/p>\n<\/div>\n\t\t\t\t<\/div>\n\t\t\t\t<\/div>\n\t\t\t\t<div class=\"elementor-element elementor-element-6ecc034 elementor-widget elementor-widget-text-editor\" data-id=\"6ecc034\" data-element_type=\"widget\" data-widget_type=\"text-editor.default\">\n\t\t\t\t<div class=\"elementor-widget-container\">\n\t\t\t\t\t\t\t\t\t<p>Con tecnolog\u00eda de \u00faltima generaci\u00f3n, en <strong>iVirtuo<\/strong> encuentras cursos dise\u00f1ados a la medida de tus necesidades: pr\u00e1cticos, actualizados y 100 % flexibles para que avances a tu ritmo, donde y cuando quieras.<\/p><p data-start=\"538\" data-end=\"744\">\u00bfEres profesional y quieres dar el siguiente paso? \u00bfTu empresa necesita capacitar equipos de manera \u00e1gil? Con nosotros, tienes el poder de elegir, adaptar y transformar el conocimiento en resultados reales.<\/p>\t\t\t\t\t\t\t\t<\/div>\n\t\t\t\t<\/div>\n\t\t\t\t<div class=\"elementor-element elementor-element-73ee31d elementor-widget elementor-widget-skillstream_core_button\" data-id=\"73ee31d\" data-element_type=\"widget\" data-widget_type=\"skillstream_core_button.default\">\n\t\t\t\t<div class=\"elementor-widget-container\">\n\t\t\t\t\t<a class=\"qodef-shortcode qodef-m  qodef-button qodef-layout--outlined  qodef-html--link\" href=\"https:\/\/ivirtuo.com\" target=\"_self\"  >\n\t\t\t<span class=\"qodef-m-text-holder qodef-btn-style\">\n\t\t\t<span class=\"qodef-m-text\">Visita nuestra plataforma<\/span>\n\t\t<\/span>\n\t\t\t\t<span class=\"qodef-m-icon-holder qodef-btn-style\">\n\t\t\t<svg class=\"qodef-svg--btn-arrow qodef-btn-arrow\" xmlns=\"http:\/\/www.w3.org\/2000\/svg\" x=\"0px\" y=\"0px\" viewbox=\"0 0 10.75 10.76\" style=\"enable-background:new 0 0 10.75 10.76;\" xml:space=\"preserve\"><path d=\"M1.09,10.76L0,9.67l8.14-8.15H0L0.01,0h10.74v10.76H9.22l0.01-8.15L1.09,10.76z\"\/><\/svg>\t\t<\/span>\n\t<\/a>\n\t\t\t\t<\/div>\n\t\t\t\t<\/div>\n\t\t\t\t<\/div>\n\t\t<div class=\"elementor-element elementor-element-89cd034 e-con-full e-flex e-con e-child\" data-id=\"89cd034\" data-element_type=\"container\">\n\t\t\t\t<div class=\"elementor-element elementor-element-d9e0e66 elementor-widget__width-initial elementor-widget-tablet__width-initial elementor-widget elementor-widget-skillstream_core_single_image\" data-id=\"d9e0e66\" data-element_type=\"widget\" data-widget_type=\"skillstream_core_single_image.default\">\n\t\t\t\t<div class=\"elementor-widget-container\">\n\t\t\t\t\t<div class=\"qodef-shortcode qodef-m  qodef-single-image qodef-layout--default     qodef--has-appear\"  style=\"--qode-image-border-radius: 100px 100px 0px 100px\" data-appear-delay=\"0\">\n\t\t\t<div class=\"qodef-m-image\">\n\t\t\t\t\t\t\t\t<img fetchpriority=\"high\" decoding=\"async\" width=\"1024\" height=\"1536\" src=\"https:\/\/ivirtuoacademy.com\/wp-content\/uploads\/2025\/04\/20250428_1454_5Cuarto-Moderno-Dinamico_simple_compose_01jsyzb1cqfee9jmh1yhngtx1k-1.png\" class=\"attachment-full size-full\" alt=\"\" srcset=\"https:\/\/ivirtuoacademy.com\/wp-content\/uploads\/2025\/04\/20250428_1454_5Cuarto-Moderno-Dinamico_simple_compose_01jsyzb1cqfee9jmh1yhngtx1k-1.png 1024w, https:\/\/ivirtuoacademy.com\/wp-content\/uploads\/2025\/04\/20250428_1454_5Cuarto-Moderno-Dinamico_simple_compose_01jsyzb1cqfee9jmh1yhngtx1k-1-600x900.png 600w, https:\/\/ivirtuoacademy.com\/wp-content\/uploads\/2025\/04\/20250428_1454_5Cuarto-Moderno-Dinamico_simple_compose_01jsyzb1cqfee9jmh1yhngtx1k-1-200x300.png 200w, https:\/\/ivirtuoacademy.com\/wp-content\/uploads\/2025\/04\/20250428_1454_5Cuarto-Moderno-Dinamico_simple_compose_01jsyzb1cqfee9jmh1yhngtx1k-1-683x1024.png 683w, https:\/\/ivirtuoacademy.com\/wp-content\/uploads\/2025\/04\/20250428_1454_5Cuarto-Moderno-Dinamico_simple_compose_01jsyzb1cqfee9jmh1yhngtx1k-1-768x1152.png 768w\" sizes=\"(max-width: 1024px) 100vw, 1024px\" \/>\t\t\t\t\t\t\t<\/div>\n\t<\/div>\n\t\t\t\t<\/div>\n\t\t\t\t<\/div>\n\t\t\t\t<div class=\"elementor-element elementor-element-c04ebd2 elementor-widget__width-auto elementor-absolute elementor-hidden-mobile e-transform elementor-widget elementor-widget-skillstream_core_single_image\" data-id=\"c04ebd2\" data-element_type=\"widget\" data-settings=\"{&quot;_position&quot;:&quot;absolute&quot;,&quot;_transform_translateX_effect&quot;:{&quot;unit&quot;:&quot;px&quot;,&quot;size&quot;:&quot;&quot;,&quot;sizes&quot;:[]},&quot;_transform_translateX_effect_tablet&quot;:{&quot;unit&quot;:&quot;px&quot;,&quot;size&quot;:&quot;&quot;,&quot;sizes&quot;:[]},&quot;_transform_translateX_effect_mobile&quot;:{&quot;unit&quot;:&quot;px&quot;,&quot;size&quot;:&quot;&quot;,&quot;sizes&quot;:[]},&quot;_transform_translateY_effect&quot;:{&quot;unit&quot;:&quot;px&quot;,&quot;size&quot;:&quot;&quot;,&quot;sizes&quot;:[]},&quot;_transform_translateY_effect_tablet&quot;:{&quot;unit&quot;:&quot;px&quot;,&quot;size&quot;:&quot;&quot;,&quot;sizes&quot;:[]},&quot;_transform_translateY_effect_mobile&quot;:{&quot;unit&quot;:&quot;px&quot;,&quot;size&quot;:&quot;&quot;,&quot;sizes&quot;:[]}}\" data-widget_type=\"skillstream_core_single_image.default\">\n\t\t\t\t<div class=\"elementor-widget-container\">\n\t\t\t\t\t<div class=\"qodef-shortcode qodef-m  qodef-single-image qodef-layout--default     qodef--has-appear\"   data-appear-delay=\"150\">\n\t\t\t<div class=\"qodef-m-image\">\n\t\t\t\t\t\t\t\t<img decoding=\"async\" width=\"120\" height=\"120\" src=\"https:\/\/ivirtuoacademy.com\/wp-content\/uploads\/2025\/04\/ivirtuoone.png\" class=\"attachment-full size-full\" alt=\"\" srcset=\"https:\/\/ivirtuoacademy.com\/wp-content\/uploads\/2025\/04\/ivirtuoone.png 120w, https:\/\/ivirtuoacademy.com\/wp-content\/uploads\/2025\/04\/ivirtuoone-100x100.png 100w\" sizes=\"(max-width: 120px) 100vw, 120px\" \/>\t\t\t\t\t\t\t<\/div>\n\t<\/div>\n\t\t\t\t<\/div>\n\t\t\t\t<\/div>\n\t\t\t\t<\/div>\n\t\t\t\t<\/div>\n\t\t\t\t<\/div>\n\t\t<div class=\"elementor-element elementor-element-a182f35 e-con-full e-flex e-con e-parent\" data-id=\"a182f35\" data-element_type=\"container\" data-settings=\"{&quot;background_background&quot;:&quot;classic&quot;}\">\n\t\t<div class=\"elementor-element elementor-element-9d98306 e-con-full qodef-elementor-content-grid e-flex e-con e-child\" data-id=\"9d98306\" data-element_type=\"container\">\n\t\t<div class=\"elementor-element elementor-element-7883725 e-con-full e-flex e-con e-child\" data-id=\"7883725\" data-element_type=\"container\">\n\t\t\t\t<div class=\"elementor-element elementor-element-cecedd8 elementor-widget elementor-widget-skillstream_core_section_title\" data-id=\"cecedd8\" data-element_type=\"widget\" data-widget_type=\"skillstream_core_section_title.default\">\n\t\t\t\t<div class=\"elementor-widget-container\">\n\t\t\t\t\t<div class=\"qodef-shortcode qodef-m  qodef-section-title qodef-alignment--left\">\n\t\t<h4 class=\"qodef-m-title\" style=\"color: #FFFFFF\">\n\t\t\t\t\tEn iVirtuo no solo entregamos cursos, creamos experiencias de aprendizaje que impulsan tu \u00e9xito. M\u00e1s que una plataforma, somos tu mejor herramienta para avanzar\t\t\t<\/h4>\n\t<\/div>\n\t\t\t\t<\/div>\n\t\t\t\t<\/div>\n\t\t\t\t<\/div>\n\t\t<div class=\"elementor-element elementor-element-b6fc482 e-con-full e-flex e-con e-child\" data-id=\"b6fc482\" data-element_type=\"container\">\n\t\t<div class=\"elementor-element elementor-element-090e73c e-con-full e-flex e-con e-child\" data-id=\"090e73c\" data-element_type=\"container\">\n\t\t\t\t<div class=\"elementor-element elementor-element-a6430a2 elementor-widget elementor-widget-skillstream_core_section_title\" data-id=\"a6430a2\" data-element_type=\"widget\" data-widget_type=\"skillstream_core_section_title.default\">\n\t\t\t\t<div class=\"elementor-widget-container\">\n\t\t\t\t\t<div class=\"qodef-shortcode qodef-m  qodef-section-title qodef-alignment--left\">\n\t\t<h5 class=\"qodef-m-title\" style=\"color: #FFFFFF\">\n\t\t\t\t\tExperience  \t\t\t<\/h5>\n\t<\/div>\n\t\t\t\t<\/div>\n\t\t\t\t<\/div>\n\t\t\t\t<div class=\"elementor-element elementor-element-79fa88b elementor-widget elementor-widget-skillstream_core_number_with_text\" data-id=\"79fa88b\" data-element_type=\"widget\" data-widget_type=\"skillstream_core_number_with_text.default\">\n\t\t\t\t<div class=\"elementor-widget-container\">\n\t\t\t\t\t<div class=\"qodef-shortcode qodef-m  qodef-number-with-text\" style=\"gap: 16px\">\n\t<div class=\"qodef-m-number-wrapper\" style=\"width: 30px\">\n\t\t\t<p class=\"qodef-m-number\" style=\"font-size: 14px;color: #FFFFFF\">1<\/p>\n\t<\/div>\n\t<div class=\"qodef-m-content\">\n\t\t\t<h6 class=\"qodef-m-title\" style=\"margin-top: -2px;color: #FFFFFF\">\n\t\t\t\t\t<span class=\"qodef-m-title-text\">Metodolog\u00eda de aprendizaje basada en proyectos<\/span>\n\t\t\t<\/h6>\n\t\t\t<\/div>\n<\/div>\n\t\t\t\t<\/div>\n\t\t\t\t<\/div>\n\t\t\t\t<div class=\"elementor-element elementor-element-c1d4c2e elementor-widget elementor-widget-skillstream_core_number_with_text\" data-id=\"c1d4c2e\" data-element_type=\"widget\" data-widget_type=\"skillstream_core_number_with_text.default\">\n\t\t\t\t<div class=\"elementor-widget-container\">\n\t\t\t\t\t<div class=\"qodef-shortcode qodef-m  qodef-number-with-text\" style=\"gap: 16px\">\n\t<div class=\"qodef-m-number-wrapper\" style=\"width: 30px\">\n\t\t\t<p class=\"qodef-m-number\" style=\"font-size: 14px;color: #FFFFFF\">2<\/p>\n\t<\/div>\n\t<div class=\"qodef-m-content\">\n\t\t\t<h6 class=\"qodef-m-title\" style=\"margin-top: -2px;color: #FFFFFF\">\n\t\t\t\t\t<span class=\"qodef-m-title-text\">Entornos virtuales de aprendizaje optimizados y din\u00e1micos.<\/span>\n\t\t\t<\/h6>\n\t\t\t<\/div>\n<\/div>\n\t\t\t\t<\/div>\n\t\t\t\t<\/div>\n\t\t\t\t<div class=\"elementor-element elementor-element-e3d3d85 elementor-widget elementor-widget-skillstream_core_number_with_text\" data-id=\"e3d3d85\" data-element_type=\"widget\" data-widget_type=\"skillstream_core_number_with_text.default\">\n\t\t\t\t<div class=\"elementor-widget-container\">\n\t\t\t\t\t<div class=\"qodef-shortcode qodef-m  qodef-number-with-text\" style=\"gap: 16px\">\n\t<div class=\"qodef-m-number-wrapper\" style=\"width: 30px\">\n\t\t\t<p class=\"qodef-m-number\" style=\"font-size: 14px;color: #FFFFFF\">3<\/p>\n\t<\/div>\n\t<div class=\"qodef-m-content\">\n\t\t\t<h6 class=\"qodef-m-title\" style=\"margin-top: -2px;color: #FFFFFF\">\n\t\t\t\t\t<span class=\"qodef-m-title-text\">cursos a la medida de las necesidades.<\/span>\n\t\t\t<\/h6>\n\t\t\t<\/div>\n<\/div>\n\t\t\t\t<\/div>\n\t\t\t\t<\/div>\n\t\t\t\t<\/div>\n\t\t<div class=\"elementor-element elementor-element-0ec9587 e-con-full e-flex e-con e-child\" data-id=\"0ec9587\" data-element_type=\"container\">\n\t\t\t\t<div class=\"elementor-element elementor-element-3130909 elementor-widget elementor-widget-skillstream_core_section_title\" data-id=\"3130909\" data-element_type=\"widget\" data-widget_type=\"skillstream_core_section_title.default\">\n\t\t\t\t<div class=\"elementor-widget-container\">\n\t\t\t\t\t<div class=\"qodef-shortcode qodef-m  qodef-section-title qodef-alignment--left\">\n\t\t<h5 class=\"qodef-m-title\" style=\"color: #FFFFFF\">\n\t\t\t\t\tExperience  \t\t\t<\/h5>\n\t<\/div>\n\t\t\t\t<\/div>\n\t\t\t\t<\/div>\n\t\t\t\t<div class=\"elementor-element elementor-element-5d9bd2c elementor-widget elementor-widget-skillstream_core_number_with_text\" data-id=\"5d9bd2c\" data-element_type=\"widget\" data-widget_type=\"skillstream_core_number_with_text.default\">\n\t\t\t\t<div class=\"elementor-widget-container\">\n\t\t\t\t\t<div class=\"qodef-shortcode qodef-m  qodef-number-with-text\" style=\"gap: 16px\">\n\t<div class=\"qodef-m-number-wrapper\" style=\"width: 30px\">\n\t\t\t<p class=\"qodef-m-number\" style=\"font-size: 14px;color: #FFFFFF\">4<\/p>\n\t<\/div>\n\t<div class=\"qodef-m-content\">\n\t\t\t<h6 class=\"qodef-m-title\" style=\"margin-top: -2px;color: #FFFFFF\">\n\t\t\t\t\t<span class=\"qodef-m-title-text\">Personal con un mejor desempe\u00f1o <\/span>\n\t\t\t<\/h6>\n\t\t\t<\/div>\n<\/div>\n\t\t\t\t<\/div>\n\t\t\t\t<\/div>\n\t\t\t\t<div class=\"elementor-element elementor-element-5efd879 elementor-widget elementor-widget-skillstream_core_number_with_text\" data-id=\"5efd879\" data-element_type=\"widget\" data-widget_type=\"skillstream_core_number_with_text.default\">\n\t\t\t\t<div class=\"elementor-widget-container\">\n\t\t\t\t\t<div class=\"qodef-shortcode qodef-m  qodef-number-with-text\" style=\"gap: 16px\">\n\t<div class=\"qodef-m-number-wrapper\" style=\"width: 30px\">\n\t\t\t<p class=\"qodef-m-number\" style=\"font-size: 14px;color: #FFFFFF\">5<\/p>\n\t<\/div>\n\t<div class=\"qodef-m-content\">\n\t\t\t<h6 class=\"qodef-m-title\" style=\"margin-top: -2px;color: #FFFFFF\">\n\t\t\t\t\t<span class=\"qodef-m-title-text\">Soporte t\u00e9cnico especializado y asistencia personalizada.<\/span>\n\t\t\t<\/h6>\n\t\t\t<\/div>\n<\/div>\n\t\t\t\t<\/div>\n\t\t\t\t<\/div>\n\t\t\t\t<div class=\"elementor-element elementor-element-5a99b30 elementor-widget elementor-widget-skillstream_core_number_with_text\" data-id=\"5a99b30\" data-element_type=\"widget\" data-widget_type=\"skillstream_core_number_with_text.default\">\n\t\t\t\t<div class=\"elementor-widget-container\">\n\t\t\t\t\t<div class=\"qodef-shortcode qodef-m  qodef-number-with-text\" style=\"gap: 16px\">\n\t<div class=\"qodef-m-number-wrapper\" style=\"width: 30px\">\n\t\t\t<p class=\"qodef-m-number\" style=\"font-size: 14px;color: #FFFFFF\">6<\/p>\n\t<\/div>\n\t<div class=\"qodef-m-content\">\n\t\t\t<h6 class=\"qodef-m-title\" style=\"margin-top: -2px;color: #FFFFFF\">\n\t\t\t\t\t<span class=\"qodef-m-title-text\">Modelo de formaci\u00f3n bajo autoformaci\u00f3n lo que garantiza una mejor flexibilidad. Aprendes a tu ritmo<\/span>\n\t\t\t<\/h6>\n\t\t\t<\/div>\n<\/div>\n\t\t\t\t<\/div>\n\t\t\t\t<\/div>\n\t\t\t\t<\/div>\n\t\t\t\t<\/div>\n\t\t\t\t<\/div>\n\t\t\t\t<\/div>\n\t\t<div class=\"elementor-element elementor-element-b741e05 e-con-full e-flex e-con e-parent\" data-id=\"b741e05\" data-element_type=\"container\">\n\t\t<div class=\"elementor-element elementor-element-8853119 e-con-full e-flex e-con e-child\" data-id=\"8853119\" data-element_type=\"container\" data-settings=\"{&quot;background_background&quot;:&quot;classic&quot;}\">\n\t\t\t\t<div class=\"elementor-element elementor-element-d420bba elementor-widget elementor-widget-skillstream_core_video_button\" data-id=\"d420bba\" data-element_type=\"widget\" data-widget_type=\"skillstream_core_video_button.default\">\n\t\t\t\t<div class=\"elementor-widget-container\">\n\t\t\t\t\t<div class=\"qodef-shortcode qodef-m  qodef-video-button qodef--has-img qodef-btn-type--icon\" >\n\t\t<div class=\"qodef-m-image\">\n\t\t<img decoding=\"async\" width=\"1080\" height=\"1080\" src=\"https:\/\/ivirtuoacademy.com\/wp-content\/uploads\/2025\/04\/background-future-blue1.png\" class=\"attachment-full size-full\" alt=\"\" srcset=\"https:\/\/ivirtuoacademy.com\/wp-content\/uploads\/2025\/04\/background-future-blue1.png 1080w, https:\/\/ivirtuoacademy.com\/wp-content\/uploads\/2025\/04\/background-future-blue1-300x300.png 300w, https:\/\/ivirtuoacademy.com\/wp-content\/uploads\/2025\/04\/background-future-blue1-100x100.png 100w, https:\/\/ivirtuoacademy.com\/wp-content\/uploads\/2025\/04\/background-future-blue1-600x600.png 600w, https:\/\/ivirtuoacademy.com\/wp-content\/uploads\/2025\/04\/background-future-blue1-1024x1024.png 1024w, https:\/\/ivirtuoacademy.com\/wp-content\/uploads\/2025\/04\/background-future-blue1-150x150.png 150w, https:\/\/ivirtuoacademy.com\/wp-content\/uploads\/2025\/04\/background-future-blue1-768x768.png 768w, https:\/\/ivirtuoacademy.com\/wp-content\/uploads\/2025\/04\/background-future-blue1-650x650.png 650w\" sizes=\"(max-width: 1080px) 100vw, 1080px\" \/>\t<\/div>\n\t\t<a itemprop=\"url\" class=\"qodef-m-play qodef-magnific-popup qodef-popup-item\" href=\"https:\/\/www.youtube.com\/watch?v=sKwKNngOZkI\" data-type=\"iframe\">\n\t\t<span class=\"qodef-m-play-inner\" >\n\t\t\t<svg xmlns=\"http:\/\/www.w3.org\/2000\/svg\" viewbox=\"0 0 104 104\">\n\t\t        <g class=\"qodef--circle\" fill=\"none\" stroke=\"currentColor\" stroke-width=\"1\">\n\t\t\t        <path d=\"M 1 52 A 51 51 0 1 1 103 52 A 51 51 0 1 1 1 52\"\/>\n\t\t\t    <\/g>\n\t\t\t    <path d=\"M12,5.5,0,11V0L12,5.5\" transform=\"translate(46 47)\" fill=\"currentColor\"\/>\n\t\t\t<\/svg>\n\t\t<\/span>\n\t<\/a>\n<\/div>\n\t\t\t\t<\/div>\n\t\t\t\t<\/div>\n\t\t\t\t<\/div>\n\t\t<div class=\"elementor-element elementor-element-0080122 e-con-full e-flex e-con e-child\" data-id=\"0080122\" data-element_type=\"container\" data-settings=\"{&quot;background_background&quot;:&quot;classic&quot;}\">\n\t\t\t\t<\/div>\n\t\t\t\t<\/div>\n\t\t<div class=\"elementor-element elementor-element-1fd85c8e e-con-full e-flex e-con e-parent\" data-id=\"1fd85c8e\" data-element_type=\"container\" data-settings=\"{&quot;background_background&quot;:&quot;classic&quot;}\">\n\t\t\t\t<div class=\"elementor-element elementor-element-71faa020 elementor-widget elementor-widget-skillstream_core_call_to_action\" data-id=\"71faa020\" data-element_type=\"widget\" data-widget_type=\"skillstream_core_call_to_action.default\">\n\t\t\t\t<div class=\"elementor-widget-container\">\n\t\t\t\t\t<div class=\"qodef-shortcode qodef-m  qodef-call-to-action qodef-layout--standard qodef-style--stretched\">\n\t<div class=\"qodef-m-inner\">\n\t\t\t<div class=\"qodef-m-content\"><h4>Suscr\u00edbete a nuestro bolet\u00edn<\/h4><\/div>\n\t\t\t<div class=\"qodef-m-button\">\n\t\t<a class=\"qodef-shortcode qodef-m  qodef-button qodef-layout--outlined  qodef-html--link\" href=\"https:\/\/ivirtuoacademy.com\/en\/contact-us\/\" target=\"_self\"  >\t\t\t<span class=\"qodef-m-text-holder qodef-btn-style\">\t\t\t<span class=\"qodef-m-text\">suscribirse<\/span>\t\t<\/span>\t\t\t\t<span class=\"qodef-m-icon-holder qodef-btn-style\">\t\t\t<svg class=\"qodef-svg--btn-arrow qodef-btn-arrow\" xmlns=\"http:\/\/www.w3.org\/2000\/svg\" x=\"0px\" y=\"0px\" viewbox=\"0 0 10.75 10.76\" style=\"enable-background:new 0 0 10.75 10.76;\" xml:space=\"preserve\"><path d=\"M1.09,10.76L0,9.67l8.14-8.15H0L0.01,0h10.74v10.76H9.22l0.01-8.15L1.09,10.76z\"\/><\/svg>\t\t<\/span>\t<\/a>\t<\/div>\n\t<\/div>\n<\/div>\n\t\t\t\t<\/div>\n\t\t\t\t<\/div>\n\t\t\t\t<\/div>\n\t\t\t\t<\/div>","protected":false},"excerpt":{"rendered":"<p>iVirtuo es la manera en la que la educaci\u00f3n transforma la vida de las personas Una manera de transformar tu forma de ver el mundo En iVirtuo hacemos que aprender sea m\u00e1s f\u00e1cil, r\u00e1pido y efectivo. Somos una plataforma de formaci\u00f3n virtual pensada para personas, empresas y organizaciones que quieren crecer sin perder tiempo. Con [&hellip;]<\/p>\n","protected":false},"author":1,"featured_media":5549,"parent":0,"menu_order":0,"comment_status":"closed","ping_status":"closed","template":"page-full-width.php","meta":{"productId":0,"courseId":0,"footnotes":""},"class_list":["post-1267","page","type-page","status-publish","has-post-thumbnail","hentry"],"jetpack_sharing_enabled":true,"_links":{"self":[{"href":"https:\/\/ivirtuoacademy.com\/en\/wp-json\/wp\/v2\/pages\/1267","targetHints":{"allow":["GET"]}}],"collection":[{"href":"https:\/\/ivirtuoacademy.com\/en\/wp-json\/wp\/v2\/pages"}],"about":[{"href":"https:\/\/ivirtuoacademy.com\/en\/wp-json\/wp\/v2\/types\/page"}],"author":[{"embeddable":true,"href":"https:\/\/ivirtuoacademy.com\/en\/wp-json\/wp\/v2\/users\/1"}],"replies":[{"embeddable":true,"href":"https:\/\/ivirtuoacademy.com\/en\/wp-json\/wp\/v2\/comments?post=1267"}],"version-history":[{"count":0,"href":"https:\/\/ivirtuoacademy.com\/en\/wp-json\/wp\/v2\/pages\/1267\/revisions"}],"wp:featuredmedia":[{"embeddable":true,"href":"https:\/\/ivirtuoacademy.com\/en\/wp-json\/wp\/v2\/media\/5549"}],"wp:attachment":[{"href":"https:\/\/ivirtuoacademy.com\/en\/wp-json\/wp\/v2\/media?parent=1267"}],"curies":[{"name":"wp","href":"https:\/\/api.w.org\/{rel}","templated":true}]}}