{"id":1849,"date":"2024-10-21T12:25:25","date_gmt":"2024-10-21T12:25:25","guid":{"rendered":"https:\/\/skillstream.qodeinteractive.com\/?page_id=1849"},"modified":"2025-09-25T09:53:21","modified_gmt":"2025-09-25T14:53:21","slug":"contact-us","status":"publish","type":"page","link":"https:\/\/ivirtuoacademy.com\/en\/contact-us\/","title":{"rendered":"Cont\u00e1ctanos"},"content":{"rendered":"<div data-elementor-type=\"wp-page\" data-elementor-id=\"1849\" class=\"elementor elementor-1849\">\n\t\t\t\t<div class=\"elementor-element elementor-element-0ffd7c3 e-con-full e-flex e-con e-parent\" data-id=\"0ffd7c3\" data-element_type=\"container\" data-settings=\"{&quot;background_background&quot;:&quot;classic&quot;}\">\n\t\t<div class=\"elementor-element elementor-element-7c73a3c e-con-full e-flex e-con e-child\" data-id=\"7c73a3c\" data-element_type=\"container\" data-settings=\"{&quot;background_background&quot;:&quot;classic&quot;}\">\n\t\t\t\t<div class=\"elementor-element elementor-element-1c49748 elementor-absolute elementor-widget elementor-widget-skillstream_core_additional_info\" data-id=\"1c49748\" data-element_type=\"widget\" data-settings=\"{&quot;_position&quot;:&quot;absolute&quot;}\" data-widget_type=\"skillstream_core_additional_info.default\">\n\t\t\t\t<div class=\"elementor-widget-container\">\n\t\t\t\t\t<div class=\"qodef-shortcode qodef-m  qodef-additional-info qodef--icon-pack\" style=\"width: 220px;border-color: #FFFFFF\">\n\t<div class=\"qodef-m-content\">\n\t\t<span class=\"qodef-m-icon-wrapper\">\n\t\t\t<span class=\"qodef-shortcode qodef-m  qodef-icon-holder qodef--icon-pack qodef-layout--normal\" style=\"--icon-color: #FFFFFF\">\t\t\t<\/span>\t\t<\/span>\n\t\t\t<span class=\"qodef-m-text\" style=\"color: #FFFFFF\">\n\t\t<span class=\"qodef-m-text-inner\">HABLEMOS<\/span>\n\t<\/span>\n\t<\/div>\n<\/div>\n\t\t\t\t<\/div>\n\t\t\t\t<\/div>\n\t\t\t\t<\/div>\n\t\t<div class=\"elementor-element elementor-element-17fb903 e-con-full e-flex e-con e-child\" data-id=\"17fb903\" data-element_type=\"container\">\n\t\t<div class=\"elementor-element elementor-element-3359b14 e-con-full e-flex e-con e-child\" data-id=\"3359b14\" data-element_type=\"container\">\n\t\t\t\t<div class=\"elementor-element elementor-element-24f53e0 elementor-widget elementor-widget-skillstream_core_section_title\" data-id=\"24f53e0\" data-element_type=\"widget\" data-widget_type=\"skillstream_core_section_title.default\">\n\t\t\t\t<div class=\"elementor-widget-container\">\n\t\t\t\t\t<div class=\"qodef-shortcode qodef-m  qodef-section-title qodef-alignment--left\">\n\t\t<h3 class=\"qodef-m-title\" style=\"color: #FFFFFF\">\n\t\t\t\t\tHablemos para iniciar un nuevo camino\t\t\t<\/h3>\n\t\t<p class=\"qodef-m-text\" style=\"color: #FFFFFF\">Conoce la mejor alternativa de educaci\u00f3n virtual.<\/p>\n<\/div>\n\t\t\t\t<\/div>\n\t\t\t\t<\/div>\n\t\t\t\t<div class=\"elementor-element elementor-element-c1701cb elementor-widget elementor-widget-skillstream_core_button\" data-id=\"c1701cb\" data-element_type=\"widget\" data-widget_type=\"skillstream_core_button.default\">\n\t\t\t\t<div class=\"elementor-widget-container\">\n\t\t\t\t\t<a class=\"qodef-shortcode qodef-m  qodef-button qodef-layout--outlined qodef-size--small qodef-html--link\" href=\"https:\/\/api.whatsapp.com\/send?phone=+573228164141&#038;text=Hola,%20cuentame%20mas%20sobre%20la%20oferta%20de%20virtual\" target=\"_self\"  style=\"--qode-button-color: #FFFFFF;--qode-button-hover-color: #FFFFFF;--qode-button-border-color: #FFFFFF\">\n\t\t\t<span class=\"qodef-m-text-holder qodef-btn-style\">\n\t\t\t<span class=\"qodef-m-text\">Escr\u00edbenos<\/span>\n\t\t<\/span>\n\t\t\t\t<span class=\"qodef-m-icon-holder qodef-btn-style\">\n\t\t\t<svg class=\"qodef-svg--btn-arrow qodef-btn-arrow\" xmlns=\"http:\/\/www.w3.org\/2000\/svg\" x=\"0px\" y=\"0px\" viewbox=\"0 0 10.75 10.76\" style=\"enable-background:new 0 0 10.75 10.76;\" xml:space=\"preserve\"><path d=\"M1.09,10.76L0,9.67l8.14-8.15H0L0.01,0h10.74v10.76H9.22l0.01-8.15L1.09,10.76z\"\/><\/svg>\t\t<\/span>\n\t<\/a>\n\t\t\t\t<\/div>\n\t\t\t\t<\/div>\n\t\t\t\t<\/div>\n\t\t<div class=\"elementor-element elementor-element-c049afd e-con-full e-flex e-con e-child\" data-id=\"c049afd\" data-element_type=\"container\">\n\t\t<div class=\"elementor-element elementor-element-f16b288 e-con-full e-flex e-con e-child\" data-id=\"f16b288\" data-element_type=\"container\">\n\t\t\t\t<div class=\"elementor-element elementor-element-362d42e elementor-widget elementor-widget-skillstream_core_section_title\" data-id=\"362d42e\" data-element_type=\"widget\" data-widget_type=\"skillstream_core_section_title.default\">\n\t\t\t\t<div class=\"elementor-widget-container\">\n\t\t\t\t\t<div class=\"qodef-shortcode qodef-m  qodef-section-title qodef-alignment--left\">\n\t\t<h6 class=\"qodef-m-title\" style=\"color: #FFFFFF\">\n\t\t\t\t\tInformaci\u00f3n de contacto\t\t\t<\/h6>\n\t<\/div>\n\t\t\t\t<\/div>\n\t\t\t\t<\/div>\n\t\t\t\t<div class=\"elementor-element elementor-element-af66bcd elementor-widget elementor-widget-text-editor\" data-id=\"af66bcd\" data-element_type=\"widget\" data-widget_type=\"text-editor.default\">\n\t\t\t\t<div class=\"elementor-widget-container\">\n\t\t\t\t\t\t\t\t\t<p><span class=\"qodef--has-custom-underline\" style=\"color: #ffffff;\"><a style=\"color: #ffffff;\" href=\"tel:+3225120815\" target=\"_blank\" rel=\"noreferrer noopener\" data-type=\"link\">+57 322 816 4141<\/a><\/span><\/p>\t\t\t\t\t\t\t\t<\/div>\n\t\t\t\t<\/div>\n\t\t\t\t<div class=\"elementor-element elementor-element-ea7ad89 elementor-widget elementor-widget-text-editor\" data-id=\"ea7ad89\" data-element_type=\"widget\" data-widget_type=\"text-editor.default\">\n\t\t\t\t<div class=\"elementor-widget-container\">\n\t\t\t\t\t\t\t\t\t<p><span style=\"color: #ffffff;\"><span class=\"qodef--has-custom-underline\"><a style=\"color: #ffffff;\" href=\"mailto:skillstream@mail.com\" target=\"_blank\" rel=\"noreferrer noopener\" data-type=\"link\">info@ivirtuoacademy.com<\/a><\/span><\/span><\/p>\t\t\t\t\t\t\t\t<\/div>\n\t\t\t\t<\/div>\n\t\t\t\t<\/div>\n\t\t\t\t<\/div>\n\t\t\t\t<\/div>\n\t\t\t\t<\/div>\n\t\t<div class=\"elementor-element elementor-element-eadf510 e-con-full e-flex e-con e-parent\" data-id=\"eadf510\" data-element_type=\"container\" data-settings=\"{&quot;background_background&quot;:&quot;classic&quot;}\">\n\t\t<div class=\"elementor-element elementor-element-3d7bd87 e-con-full e-flex e-con e-child\" data-id=\"3d7bd87\" data-element_type=\"container\" data-settings=\"{&quot;background_background&quot;:&quot;classic&quot;}\">\n\t\t\t\t<div class=\"elementor-element elementor-element-44dda54 elementor-absolute elementor-widget elementor-widget-skillstream_core_additional_info\" data-id=\"44dda54\" data-element_type=\"widget\" data-settings=\"{&quot;_position&quot;:&quot;absolute&quot;}\" data-widget_type=\"skillstream_core_additional_info.default\">\n\t\t\t\t<div class=\"elementor-widget-container\">\n\t\t\t\t\t<div class=\"qodef-shortcode qodef-m  qodef-additional-info qodef--icon-pack\" style=\"width: 190px\">\n\t<div class=\"qodef-m-content\">\n\t\t<span class=\"qodef-m-icon-wrapper\">\n\t\t\t<span class=\"qodef-shortcode qodef-m  qodef-icon-holder qodef--icon-pack qodef-layout--normal\" >\t\t\t<\/span>\t\t<\/span>\n\t\t\t<span class=\"qodef-m-text\" >\n\t\t<span class=\"qodef-m-text-inner\">Cont\u00e1ctenos<\/span>\n\t<\/span>\n\t<\/div>\n<\/div>\n\t\t\t\t<\/div>\n\t\t\t\t<\/div>\n\t\t\t\t<\/div>\n\t\t<div class=\"elementor-element elementor-element-431701b e-con-full e-flex e-con e-child\" data-id=\"431701b\" data-element_type=\"container\">\n\t\t<div class=\"elementor-element elementor-element-5fe19e4 e-con-full e-flex e-con e-child\" data-id=\"5fe19e4\" data-element_type=\"container\">\n\t\t\t\t<div class=\"elementor-element elementor-element-8377b88 elementor-widget elementor-widget-skillstream_core_section_title\" data-id=\"8377b88\" data-element_type=\"widget\" data-widget_type=\"skillstream_core_section_title.default\">\n\t\t\t\t<div class=\"elementor-widget-container\">\n\t\t\t\t\t<div class=\"qodef-shortcode qodef-m  qodef-section-title qodef-alignment--left\">\n\t\t<h3 class=\"qodef-m-title\" >\n\t\t\t\t\tEscr\u00edbenos para iniciar ahora\t\t\t<\/h3>\n\t<\/div>\n\t\t\t\t<\/div>\n\t\t\t\t<\/div>\n\t\t\t\t<div class=\"elementor-element elementor-element-3c08264 elementor-widget elementor-widget-wp-widget-skillstream_core_contact_form_7\" data-id=\"3c08264\" data-element_type=\"widget\" data-widget_type=\"wp-widget-skillstream_core_contact_form_7.default\">\n\t\t\t\t<div class=\"elementor-widget-container\">\n\t\t\t\t\t\t\t\t<div class=\"qodef-contact-form-7\">\n\t\t\t\t\n<div class=\"wpcf7 no-js\" id=\"wpcf7-f5701-o1\" lang=\"es-CO\" dir=\"ltr\" data-wpcf7-id=\"5701\">\n<div class=\"screen-reader-response\"><p role=\"status\" aria-live=\"polite\" aria-atomic=\"true\"><\/p> <ul><\/ul><\/div>\n<form action=\"\/en\/wp-json\/wp\/v2\/pages\/1849#wpcf7-f5701-o1\" method=\"post\" class=\"wpcf7-form init\" aria-label=\"Formulario de contacto\" novalidate=\"novalidate\" data-status=\"init\" data-trp-original-action=\"\/en\/wp-json\/wp\/v2\/pages\/1849#wpcf7-f5701-o1\">\n<fieldset class=\"hidden-fields-container\"><input type=\"hidden\" name=\"_wpcf7\" value=\"5701\" \/><input type=\"hidden\" name=\"_wpcf7_version\" value=\"6.1.5\" \/><input type=\"hidden\" name=\"_wpcf7_locale\" value=\"es_CO\" \/><input type=\"hidden\" name=\"_wpcf7_unit_tag\" value=\"wpcf7-f5701-o1\" \/><input type=\"hidden\" name=\"_wpcf7_container_post\" value=\"0\" \/><input type=\"hidden\" name=\"_wpcf7_posted_data_hash\" value=\"\" \/>\n<\/fieldset>\n<label> Tu nombre\n    <span class=\"wpcf7-form-control-wrap\" data-name=\"your-name\"><input size=\"40\" maxlength=\"400\" class=\"wpcf7-form-control wpcf7-text wpcf7-validates-as-required\" autocomplete=\"name\" aria-required=\"true\" aria-invalid=\"false\" value=\"\" type=\"text\" name=\"your-name\" \/><\/span> <\/label>\n\n<label> Tu correo electr\u00f3nico\n    <span class=\"wpcf7-form-control-wrap\" data-name=\"your-email\"><input size=\"40\" maxlength=\"400\" class=\"wpcf7-form-control wpcf7-email wpcf7-validates-as-required wpcf7-text wpcf7-validates-as-email\" autocomplete=\"email\" aria-required=\"true\" aria-invalid=\"false\" value=\"\" type=\"email\" name=\"your-email\" \/><\/span> <\/label>\n\n<label> Tu tel\u00e9fono\n    <span class=\"wpcf7-form-control-wrap\" data-name=\"tel-635\"><input size=\"40\" maxlength=\"400\" class=\"wpcf7-form-control wpcf7-tel wpcf7-validates-as-required wpcf7-text wpcf7-validates-as-tel\" aria-required=\"true\" aria-invalid=\"false\" value=\"\" type=\"tel\" name=\"tel-635\" \/><\/span><\/label>\n\n<label> Asunto\n    <span class=\"wpcf7-form-control-wrap\" data-name=\"your-subject\"><input size=\"40\" maxlength=\"400\" class=\"wpcf7-form-control wpcf7-text wpcf7-validates-as-required\" aria-required=\"true\" aria-invalid=\"false\" value=\"\" type=\"text\" name=\"your-subject\" \/><\/span> <\/label>\n\n<label> Tu mensaje (opcional)\n    <span class=\"wpcf7-form-control-wrap\" data-name=\"your-message\"><textarea cols=\"40\" rows=\"10\" maxlength=\"2000\" class=\"wpcf7-form-control wpcf7-textarea\" aria-invalid=\"false\" name=\"your-message\"><\/textarea><\/span> <\/label>\n\n<button class=\"wpcf7-form-control wpcf7-submit qodef-button qodef-size--normal qodef-layout--textual qodef-m\" type=\"submit\"><span class=\"qodef-m-text-holder qodef-btn-style\"><span class=\"qodef-m-text\">Enviar<\/span><\/span><span class=\"qodef-m-icon-holder qodef-btn-style\"><svg class=\"qodef-svg--btn-arrow qodef-btn-arrow\" xmlns=\"http:\/\/www.w3.org\/2000\/svg\" x=\"0px\" y=\"0px\" viewbox=\"0 0 10.75 10.76\" style=\"enable-background:new 0 0 10.75 10.76;\" xml:space=\"preserve\"><path d=\"M1.09,10.76L0,9.67l8.14-8.15H0L0.01,0h10.74v10.76H9.22l0.01-8.15L1.09,10.76z\"\/><\/svg><\/span><\/button><p style=\"display: none !important;\" class=\"akismet-fields-container\" data-prefix=\"_wpcf7_ak_\"><label>&#916;<textarea name=\"_wpcf7_ak_hp_textarea\" cols=\"45\" rows=\"8\" maxlength=\"100\"><\/textarea><\/label><input type=\"hidden\" id=\"ak_js_1\" name=\"_wpcf7_ak_js\" value=\"137\"\/><script>document.getElementById( \"ak_js_1\" ).setAttribute( \"value\", ( new Date() ).getTime() );<\/script><\/p><div class=\"wpcf7-response-output\" aria-hidden=\"true\"><\/div>\n<input type=\"hidden\" name=\"trp-form-language\" value=\"en\"\/><\/form>\n<\/div>\n\t\t\t<\/div>\n\t\t\t\t\t\t\t<\/div>\n\t\t\t\t<\/div>\n\t\t\t\t<\/div>\n\t\t\t\t<\/div>\n\t\t\t\t<\/div>\n\t\t\t\t<\/div>","protected":false},"excerpt":{"rendered":"<p>HABLEMOS Hablemos para iniciar un nuevo camino Conoce la mejor alternativa de educaci\u00f3n virtual. Escr\u00edbenos Informaci\u00f3n de contacto +57 322 816 4141 info@ivirtuoacademy.com Cont\u00e1ctenos Escr\u00edbenos para iniciar ahora<\/p>","protected":false},"author":1,"featured_media":0,"parent":0,"menu_order":0,"comment_status":"closed","ping_status":"closed","template":"page-full-width.php","meta":{"productId":0,"courseId":0,"footnotes":""},"class_list":["post-1849","page","type-page","status-publish","hentry"],"jetpack_sharing_enabled":true,"_links":{"self":[{"href":"https:\/\/ivirtuoacademy.com\/en\/wp-json\/wp\/v2\/pages\/1849","targetHints":{"allow":["GET"]}}],"collection":[{"href":"https:\/\/ivirtuoacademy.com\/en\/wp-json\/wp\/v2\/pages"}],"about":[{"href":"https:\/\/ivirtuoacademy.com\/en\/wp-json\/wp\/v2\/types\/page"}],"author":[{"embeddable":true,"href":"https:\/\/ivirtuoacademy.com\/en\/wp-json\/wp\/v2\/users\/1"}],"replies":[{"embeddable":true,"href":"https:\/\/ivirtuoacademy.com\/en\/wp-json\/wp\/v2\/comments?post=1849"}],"version-history":[{"count":0,"href":"https:\/\/ivirtuoacademy.com\/en\/wp-json\/wp\/v2\/pages\/1849\/revisions"}],"wp:attachment":[{"href":"https:\/\/ivirtuoacademy.com\/en\/wp-json\/wp\/v2\/media?parent=1849"}],"curies":[{"name":"wp","href":"https:\/\/api.w.org\/{rel}","templated":true}]}}