{"id":1310,"date":"2024-10-16T11:13:19","date_gmt":"2024-10-16T11:13:19","guid":{"rendered":"https:\/\/skillstream.qodeinteractive.com\/?post_type=product&#038;p=1310"},"modified":"2026-01-29T15:36:46","modified_gmt":"2026-01-29T20:36:46","slug":"green-black-hiking-backpack-ecoware","status":"publish","type":"product","link":"https:\/\/ivirtuoacademy.com\/en\/product\/green-black-hiking-backpack-ecoware\/","title":{"rendered":"Inteligencia de Mercados"},"content":{"rendered":"<p>La inteligencia de mercados es clave para tomar decisiones estrat\u00e9gicas basadas en datos y comprender las din\u00e1micas del entorno competitivo. Este curso est\u00e1 dise\u00f1ado para proporcionarte las habilidades y conocimientos necesarios para analizar, interpretar y aplicar informaci\u00f3n del mercado de manera efectiva, identificando oportunidades y desarrollando estrategias que impulsen el \u00e9xito empresarial.<\/p>\n<p>A trav\u00e9s de un enfoque pr\u00e1ctico, aprender\u00e1s a usar herramientas y metodolog\u00edas que te permitir\u00e1n comprender las necesidades del consumidor, evaluar tendencias del mercado y anticiparte a los cambios del entorno empresarial. Al finalizar, estar\u00e1s capacitado para transformar los datos en &#8220;insights&#8221; accionables que agreguen valor a tu organizaci\u00f3n.<\/p>\n<p>&nbsp;<\/p>\n<h4 data-start=\"1082\" data-end=\"1450\">Realiza este curso sin costo y al finalizar si deseas el certificado paga solo <b>$75.000<\/b><\/h4>\n<section style=\"max-width: 1100px; margin: 40px auto; font-family: Arial,Helvetica,sans-serif;\">\n<div style=\"background: #ffffff; border-radius: 12px; box-shadow: 0 4px 12px rgba(0,0,0,0.08); padding: 32px;\">\n<h2 style=\"text-align: center; font-size: 28px; margin-bottom: 12px; color: #222;\">Inteligencia de Mercados<\/h2>\n<p style=\"text-align: center; color: #555; margin-bottom: 32px;\">Curso orientado al an\u00e1lisis, gesti\u00f3n y uso estrat\u00e9gico de la informaci\u00f3n de mercados como apoyo a la toma de decisiones empresariales.<\/p>\n<div style=\"display: flex; flex-direction: column; gap: 20px;\">\n<p><!-- Unidad 1 --><\/p>\n<div style=\"background: #ffffff; border-radius: 10px; box-shadow: 0 2px 8px rgba(0,0,0,0.06); padding: 24px;\">\n<h4 style=\"margin: 0 0 12px 0; font-size: 20px; color: #222;\">Unidad 1: Conceptos generales<\/h4>\n<ul style=\"margin: 0; padding-left: 20px; color: #444; line-height: 1.6;\">\n<li>Inteligencia de mercados y su importancia para las empresas<\/li>\n<li>Fases y funciones de la inteligencia de mercados<\/li>\n<li>Objetivos del proceso de inteligencia de mercados en productos o servicios<\/li>\n<li>Fuentes de informaci\u00f3n en la inteligencia de mercados<\/li>\n<\/ul>\n<\/div>\n<p><!-- Unidad 2 --><\/p>\n<div style=\"background: #ffffff; border-radius: 10px; box-shadow: 0 2px 8px rgba(0,0,0,0.06); padding: 24px;\">\n<h4 style=\"margin: 0 0 12px 0; font-size: 20px; color: #222;\">Unidad 2: Las cinco fuerzas de Porter<\/h4>\n<ul style=\"margin: 0; padding-left: 20px; color: #444; line-height: 1.6;\">\n<li>Conceptos generales que ayudan a definir las cinco fuerzas de Porter<\/li>\n<li>La fuerza de Porter y la rivalidad entre competidores<\/li>\n<li>Amenaza de nuevos competidores e ingresos de productos sustitutos<\/li>\n<li>Importancia del poder de negociaci\u00f3n en la inteligencia de mercados<\/li>\n<\/ul>\n<\/div>\n<p><!-- Unidad 3 --><\/p>\n<div style=\"background: #ffffff; border-radius: 10px; box-shadow: 0 2px 8px rgba(0,0,0,0.06); padding: 24px;\">\n<h4 style=\"margin: 0 0 12px 0; font-size: 20px; color: #222;\">Unidad 3: Almacenamiento y administraci\u00f3n de bases de datos<\/h4>\n<ul style=\"margin: 0; padding-left: 20px; color: #444; line-height: 1.6;\">\n<li>Identificaci\u00f3n y an\u00e1lisis de informaci\u00f3n en el entorno empresarial<\/li>\n<li>Niveles de seguridad y leyes en el almacenamiento de informaci\u00f3n<\/li>\n<li>La miner\u00eda de datos y su importancia con relaci\u00f3n a la inteligencia de mercados<\/li>\n<\/ul>\n<\/div>\n<p><!-- Unidad 4 --><\/p>\n<div style=\"background: #ffffff; border-radius: 10px; box-shadow: 0 2px 8px rgba(0,0,0,0.06); padding: 24px;\">\n<h4 style=\"margin: 0 0 12px 0; font-size: 20px; color: #222;\">Unidad 4: Instrumentos para la obtenci\u00f3n y an\u00e1lisis de informaci\u00f3n de mercado<\/h4>\n<ul style=\"margin: 0; padding-left: 20px; color: #444; line-height: 1.6;\">\n<li>La informaci\u00f3n empresarial que ayuda a la toma de decisiones<\/li>\n<li>La encuesta como herramienta para obtener informaci\u00f3n<\/li>\n<li>Los aspectos m\u00e1s importantes para tener en cuenta en la elaboraci\u00f3n de una encuesta<\/li>\n<li>Interpretaci\u00f3n de la informaci\u00f3n obtenida<\/li>\n<\/ul>\n<\/div>\n<\/div>\n<div style=\"margin-top: 32px; text-align: center;\">\n<p style=\"color: #555;\">Este curso permite comprender c\u00f3mo recolectar, analizar y utilizar informaci\u00f3n de mercado para fortalecer la estrategia y competitividad empresarial.<\/p>\n<\/div>\n<\/div>\n<\/section>","protected":false},"excerpt":{"rendered":"<p>La inteligencia de mercados es clave para tomar decisiones estrat\u00e9gicas basadas en datos y comprender las din\u00e1micas del entorno competitivo. Este curso est\u00e1 dise\u00f1ado para proporcionarte las habilidades y conocimientos necesarios para analizar, interpretar y aplicar informaci\u00f3n del mercado de manera efectiva, identificando oportunidades y desarrollando estrategias que impulsen el \u00e9xito empresarial. A trav\u00e9s de [&hellip;]<\/p>\n","protected":false},"featured_media":5677,"comment_status":"closed","ping_status":"closed","template":"","meta":[],"product_brand":[],"product_cat":[439],"product_tag":[47,62],"class_list":{"0":"post-1310","1":"product","2":"type-product","3":"status-publish","4":"has-post-thumbnail","6":"product_cat-moocs","7":"product_tag-festival","8":"product_tag-merch","10":"first","11":"instock","12":"taxable","13":"shipping-taxable","14":"purchasable","15":"product-type-simple"},"jetpack_sharing_enabled":true,"_links":{"self":[{"href":"https:\/\/ivirtuoacademy.com\/en\/wp-json\/wp\/v2\/product\/1310","targetHints":{"allow":["GET"]}}],"collection":[{"href":"https:\/\/ivirtuoacademy.com\/en\/wp-json\/wp\/v2\/product"}],"about":[{"href":"https:\/\/ivirtuoacademy.com\/en\/wp-json\/wp\/v2\/types\/product"}],"replies":[{"embeddable":true,"href":"https:\/\/ivirtuoacademy.com\/en\/wp-json\/wp\/v2\/comments?post=1310"}],"wp:featuredmedia":[{"embeddable":true,"href":"https:\/\/ivirtuoacademy.com\/en\/wp-json\/wp\/v2\/media\/5677"}],"wp:attachment":[{"href":"https:\/\/ivirtuoacademy.com\/en\/wp-json\/wp\/v2\/media?parent=1310"}],"wp:term":[{"taxonomy":"product_brand","embeddable":true,"href":"https:\/\/ivirtuoacademy.com\/en\/wp-json\/wp\/v2\/product_brand?post=1310"},{"taxonomy":"product_cat","embeddable":true,"href":"https:\/\/ivirtuoacademy.com\/en\/wp-json\/wp\/v2\/product_cat?post=1310"},{"taxonomy":"product_tag","embeddable":true,"href":"https:\/\/ivirtuoacademy.com\/en\/wp-json\/wp\/v2\/product_tag?post=1310"}],"curies":[{"name":"wp","href":"https:\/\/api.w.org\/{rel}","templated":true}]}}