{"id":18264,"date":"2026-01-23T14:56:49","date_gmt":"2026-01-23T19:56:49","guid":{"rendered":"https:\/\/ivirtuoacademy.com\/?post_type=product&#038;p=18264"},"modified":"2026-02-02T10:47:17","modified_gmt":"2026-02-02T15:47:17","slug":"ingles-intermedio-alto-b2","status":"publish","type":"product","link":"https:\/\/ivirtuoacademy.com\/en\/product\/ingles-intermedio-alto-b2\/","title":{"rendered":"Ingl\u00e9s Intermedio alto B2"},"content":{"rendered":"<h6 class=\"sr-only\"><span style=\"font-family: Inter, sans-serif; font-size: 16px; text-transform: initial;\">El curso de <\/span><strong style=\"font-family: Inter, sans-serif; font-size: 16px; text-transform: initial;\" data-start=\"12\" data-end=\"34\">Ingl\u00e9s por niveles<\/strong><span style=\"font-family: Inter, sans-serif; font-size: 16px; text-transform: initial;\"> ofrece una formaci\u00f3n progresiva y accesible que se adapta a tu ritmo y nivel de conocimiento, desde principiantes hasta un dominio intermedio alto del idioma. A trav\u00e9s de m\u00f3dulos estructurados, de <\/span><strong style=\"font-family: Inter, sans-serif; font-size: 16px; text-transform: initial;\" data-start=\"232\" data-end=\"247\">A1 (B\u00e1sico)<\/strong><span style=\"font-family: Inter, sans-serif; font-size: 16px; text-transform: initial;\"> a <\/span><strong style=\"font-family: Inter, sans-serif; font-size: 16px; text-transform: initial;\" data-start=\"250\" data-end=\"274\">B2 (Intermedio Alto),<\/strong><span style=\"font-family: Inter, sans-serif; font-size: 16px; text-transform: initial;\">\u00a0desarrollar\u00e1s las cuatro habilidades fundamentales: hablar, escuchar, leer y escribir, con un enfoque pr\u00e1ctico que facilita la comunicaci\u00f3n efectiva en contextos reales.<\/span><\/h6>\n<div class=\"text-base my-auto mx-auto pb-10 [--thread-content-margin:--spacing(4)] thread-sm:[--thread-content-margin:--spacing(6)] thread-lg:[--thread-content-margin:--spacing(16)] px-(--thread-content-margin)\">\n<div class=\"[--thread-content-max-width:40rem] thread-lg:[--thread-content-max-width:48rem] mx-auto max-w-(--thread-content-max-width) flex-1 group\/turn-messages focus-visible:outline-hidden relative flex w-full min-w-0 flex-col agent-turn\" tabindex=\"-1\">\n<div class=\"flex max-w-full flex-col grow\">\n<div class=\"min-h-8 text-message relative flex w-full flex-col items-end gap-2 text-start break-words whitespace-normal [.text-message+&amp;]:mt-5\" dir=\"auto\" data-message-author-role=\"assistant\" data-message-id=\"8f055d44-bce8-486b-8ae9-617f6a69c06c\" data-message-model-slug=\"gpt-5\">\n<div class=\"flex w-full flex-col gap-1 empty:hidden first:pt-[1px]\">\n<div class=\"markdown prose dark:prose-invert w-full break-words dark markdown-new-styling\">\n<p data-start=\"449\" data-end=\"823\" data-is-last-node=\"\" data-is-only-node=\"\">Cada m\u00f3dulo combina recursos din\u00e1micos, actividades interactivas y acompa\u00f1amiento pedag\u00f3gico para garantizar un aprendizaje s\u00f3lido y motivador. Con costos flexibles por m\u00f3dulo, podr\u00e1s avanzar paso a paso, consolidando tu confianza y competencia ling\u00fc\u00edstica hasta alcanzar un nivel que te permita desenvolverte con fluidez en entornos acad\u00e9micos, laborales o internacionales.<\/p>\n<\/div>\n<p data-start=\"449\" data-end=\"823\" data-is-last-node=\"\" data-is-only-node=\"\">\n<\/div>\n<\/div>\n<\/div>\n<\/div>\n<\/div>\n<section style=\"max-width: 1100px; margin: 40px auto; font-family: Arial,Helvetica,sans-serif;\">\n<div style=\"background: #ffffff; border-radius: 12px; box-shadow: 0 4px 12px rgba(0,0,0,0.08); padding: 32px;\">\n<h2 style=\"text-align: center; font-size: 28px; margin-bottom: 12px; color: #222;\">Ingl\u00e9s B2 (Intermedio alto)<\/h2>\n<div style=\"display: flex; flex-direction: column; gap: 20px;\">\n<p><!-- M\u00f3dulo Beginner 1 --><\/p>\n<div style=\"background: #ffffff; border-radius: 10px; box-shadow: 0 2px 8px rgba(0,0,0,0.06); padding: 24px; display: flex; flex-wrap: wrap; gap: 16px;\">\n<div style=\"flex: 1 1 200px;\">\n<p><strong style=\"color: #222;\">M\u00f3dulo 1:<\/strong><\/p>\n<p style=\"margin: 4px 0 0; color: #555;\">Upper Intermediate 1<\/p>\n<\/div>\n<div style=\"flex: 1 1 200px;\">\n<p><strong style=\"color: #222;\">Costo por m\u00f3dulo:<\/strong><\/p>\n<p style=\"margin: 4px 0 0; color: #555;\">$180.000<\/p>\n<\/div>\n<div style=\"flex: 1 1 200px;\">\n<p><strong style=\"color: #222;\">Duraci\u00f3n:<\/strong><\/p>\n<p style=\"margin: 4px 0 0; color: #555;\">1 mes aprox.<\/p>\n<\/div>\n<\/div>\n<p><!-- M\u00f3dulo Beginner 2 --><\/p>\n<div style=\"background: #ffffff; border-radius: 10px; box-shadow: 0 2px 8px rgba(0,0,0,0.06); padding: 24px; display: flex; flex-wrap: wrap; gap: 16px;\">\n<div style=\"flex: 1 1 200px;\">\n<p><strong style=\"color: #222;\">M\u00f3dulo 2:<\/strong><\/p>\n<p style=\"margin: 4px 0 0; color: #555;\">Upper Intermediate 2<\/p>\n<\/div>\n<div style=\"flex: 1 1 200px;\">\n<p><strong style=\"color: #222;\">Costo por m\u00f3dulo:<\/strong><\/p>\n<p style=\"margin: 4px 0 0; color: #555;\">$120.000<\/p>\n<\/div>\n<div style=\"flex: 1 1 200px;\">\n<p><strong style=\"color: #222;\">Duraci\u00f3n:<\/strong><\/p>\n<p style=\"margin: 4px 0 0; color: #555;\">1 mes aprox.<\/p>\n<\/div>\n<\/div>\n<p><!-- M\u00f3dulo Beginner 3 --><\/p>\n<div style=\"background: #ffffff; border-radius: 10px; box-shadow: 0 2px 8px rgba(0,0,0,0.06); padding: 24px; display: flex; flex-wrap: wrap; gap: 16px;\">\n<div style=\"flex: 1 1 200px;\">\n<p><strong style=\"color: #222;\">M\u00f3dulo 3:<\/strong><\/p>\n<p style=\"margin: 4px 0 0; color: #555;\">Upper Intermediate 3<\/p>\n<\/div>\n<div style=\"flex: 1 1 200px;\">\n<p><strong style=\"color: #222;\">Costo por m\u00f3dulo:<\/strong><\/p>\n<p style=\"margin: 4px 0 0; color: #555;\">$120.000<\/p>\n<\/div>\n<div style=\"flex: 1 1 200px;\">\n<p><strong style=\"color: #222;\">Duraci\u00f3n:<\/strong><\/p>\n<p style=\"margin: 4px 0 0; color: #555;\">1 mes aprox.<\/p>\n<\/div>\n<\/div>\n<\/div>\n<\/div>\n<\/section>\n<p>&nbsp;<\/p>\n<p>&nbsp;<\/p>\n<h3>Si tienes una duda, escr\u00edbenos<\/h3>\n<p>&nbsp;<\/p>\n<p>&nbsp;<\/p>\n\n<div class=\"wpcf7 no-js\" id=\"wpcf7-f18281-o1\" lang=\"es-CO\" dir=\"ltr\" data-wpcf7-id=\"18281\">\n<div class=\"screen-reader-response\"><p role=\"status\" aria-live=\"polite\" aria-atomic=\"true\"><\/p> <ul><\/ul><\/div>\n<form action=\"\/en\/wp-json\/wp\/v2\/product\/18264#wpcf7-f18281-o1\" method=\"post\" class=\"wpcf7-form init\" aria-label=\"Formulario de contacto\" novalidate=\"novalidate\" data-status=\"init\">\n<fieldset class=\"hidden-fields-container\"><input type=\"hidden\" name=\"_wpcf7\" value=\"18281\" \/><input type=\"hidden\" name=\"_wpcf7_version\" value=\"6.1.5\" \/><input type=\"hidden\" name=\"_wpcf7_locale\" value=\"es_CO\" \/><input type=\"hidden\" name=\"_wpcf7_unit_tag\" value=\"wpcf7-f18281-o1\" \/><input type=\"hidden\" name=\"_wpcf7_container_post\" value=\"0\" \/><input type=\"hidden\" name=\"_wpcf7_posted_data_hash\" value=\"\" \/>\n<\/fieldset>\n<label> Tu nombre\n    <span class=\"wpcf7-form-control-wrap\" data-name=\"your-name\"><input size=\"40\" maxlength=\"400\" class=\"wpcf7-form-control wpcf7-text wpcf7-validates-as-required\" autocomplete=\"name\" aria-required=\"true\" aria-invalid=\"false\" value=\"\" type=\"text\" name=\"your-name\" \/><\/span> <\/label>\n\n<label> Tu correo electr\u00f3nico\n    <span class=\"wpcf7-form-control-wrap\" data-name=\"your-email\"><input size=\"40\" maxlength=\"400\" class=\"wpcf7-form-control wpcf7-email wpcf7-validates-as-required wpcf7-text wpcf7-validates-as-email\" autocomplete=\"email\" aria-required=\"true\" aria-invalid=\"false\" value=\"\" type=\"email\" name=\"your-email\" \/><\/span> <\/label>\n\n<label> N\u00famero de celular\n<span class=\"wpcf7-form-control-wrap\" data-name=\"tel-85\"><input size=\"40\" maxlength=\"400\" class=\"wpcf7-form-control wpcf7-tel wpcf7-validates-as-required wpcf7-text wpcf7-validates-as-tel celular\" aria-required=\"true\" aria-invalid=\"false\" value=\"\" type=\"tel\" name=\"tel-85\" \/><\/span><\/label>\n\n<label> Curso de inter\u00e9s\n<span class=\"wpcf7-form-control-wrap\" data-name=\"select-890\"><select class=\"wpcf7-form-control wpcf7-select wpcf7-validates-as-required curso de interes\" aria-required=\"true\" aria-invalid=\"false\" name=\"select-890\"><option value=\"Ingl\u00e9s A1\">Ingl\u00e9s A1<\/option><option value=\"Ingl\u00e9s A2\">Ingl\u00e9s A2<\/option><option value=\"Ingl\u00e9s B1\">Ingl\u00e9s B1<\/option><option value=\"Ingl\u00e9s B2\">Ingl\u00e9s B2<\/option><\/select><\/span><\/label>\n\n\n<button class=\"wpcf7-form-control wpcf7-submit qodef-button qodef-size--normal qodef-layout--textual qodef-m\" type=\"submit\"><span class=\"qodef-m-text-holder qodef-btn-style\"><span class=\"qodef-m-text\">Enviar<\/span><\/span><span class=\"qodef-m-icon-holder qodef-btn-style\"><svg class=\"qodef-svg--btn-arrow qodef-btn-arrow\" xmlns=\"http:\/\/www.w3.org\/2000\/svg\" x=\"0px\" y=\"0px\" viewBox=\"0 0 10.75 10.76\" style=\"enable-background:new 0 0 10.75 10.76;\" xml:space=\"preserve\"><path d=\"M1.09,10.76L0,9.67l8.14-8.15H0L0.01,0h10.74v10.76H9.22l0.01-8.15L1.09,10.76z\"\/><\/svg><\/span><\/button><p style=\"display: none !important;\" class=\"akismet-fields-container\" data-prefix=\"_wpcf7_ak_\"><label>&#916;<textarea name=\"_wpcf7_ak_hp_textarea\" cols=\"45\" rows=\"8\" maxlength=\"100\"><\/textarea><\/label><input type=\"hidden\" id=\"ak_js_1\" name=\"_wpcf7_ak_js\" value=\"176\"\/><script>document.getElementById( \"ak_js_1\" ).setAttribute( \"value\", ( new Date() ).getTime() );<\/script><\/p><div class=\"wpcf7-response-output\" aria-hidden=\"true\"><\/div>\n<\/form>\n<\/div>\n\n","protected":false},"excerpt":{"rendered":"<p>El curso de Ingl\u00e9s por niveles ofrece una formaci\u00f3n progresiva y accesible que se adapta a tu ritmo y nivel de conocimiento, desde principiantes hasta un dominio intermedio alto del idioma. A trav\u00e9s de m\u00f3dulos estructurados, de A1 (B\u00e1sico) a B2 (Intermedio Alto),\u00a0desarrollar\u00e1s las cuatro habilidades fundamentales: hablar, escuchar, leer y escribir, con un enfoque [&hellip;]<\/p>\n","protected":false},"featured_media":5649,"comment_status":"closed","ping_status":"closed","template":"","meta":[],"product_brand":[],"product_cat":[100],"product_tag":[],"class_list":{"0":"post-18264","1":"product","2":"type-product","3":"status-publish","4":"has-post-thumbnail","6":"product_cat-educacion","8":"first","9":"instock","10":"virtual","11":"taxable","12":"purchasable","13":"product-type-simple"},"jetpack_sharing_enabled":true,"_links":{"self":[{"href":"https:\/\/ivirtuoacademy.com\/en\/wp-json\/wp\/v2\/product\/18264","targetHints":{"allow":["GET"]}}],"collection":[{"href":"https:\/\/ivirtuoacademy.com\/en\/wp-json\/wp\/v2\/product"}],"about":[{"href":"https:\/\/ivirtuoacademy.com\/en\/wp-json\/wp\/v2\/types\/product"}],"replies":[{"embeddable":true,"href":"https:\/\/ivirtuoacademy.com\/en\/wp-json\/wp\/v2\/comments?post=18264"}],"wp:featuredmedia":[{"embeddable":true,"href":"https:\/\/ivirtuoacademy.com\/en\/wp-json\/wp\/v2\/media\/5649"}],"wp:attachment":[{"href":"https:\/\/ivirtuoacademy.com\/en\/wp-json\/wp\/v2\/media?parent=18264"}],"wp:term":[{"taxonomy":"product_brand","embeddable":true,"href":"https:\/\/ivirtuoacademy.com\/en\/wp-json\/wp\/v2\/product_brand?post=18264"},{"taxonomy":"product_cat","embeddable":true,"href":"https:\/\/ivirtuoacademy.com\/en\/wp-json\/wp\/v2\/product_cat?post=18264"},{"taxonomy":"product_tag","embeddable":true,"href":"https:\/\/ivirtuoacademy.com\/en\/wp-json\/wp\/v2\/product_tag?post=18264"}],"curies":[{"name":"wp","href":"https:\/\/api.w.org\/{rel}","templated":true}]}}