{"id":5795,"date":"2025-06-05T12:26:04","date_gmt":"2025-06-05T17:26:04","guid":{"rendered":"https:\/\/ivirtuoacademy.com\/?post_type=product&#038;p=5795"},"modified":"2026-01-22T14:54:45","modified_gmt":"2026-01-22T19:54:45","slug":"el-marketing-digital-sin-secretos","status":"publish","type":"product","link":"https:\/\/ivirtuoacademy.com\/en\/product\/el-marketing-digital-sin-secretos\/","title":{"rendered":"Marketing digital sin secretos"},"content":{"rendered":"<p>Descubre c\u00f3mo conquistar el mundo digital con estrategias reales, pr\u00e1cticas y sin rodeos. Este curso avanzado de marketing digital est\u00e1 dise\u00f1ado para quienes ya conocen los fundamentos y quieren llevar su conocimiento al siguiente nivel, aplicando t\u00e1cticas efectivas que generan resultados medibles en entornos altamente competitivos.<\/p>\n<p>&nbsp;<\/p>\n<p>A lo largo del programa, aprender\u00e1s a dise\u00f1ar y ejecutar campa\u00f1as completas utilizando los principales canales digitales: publicidad en Google y redes sociales, email marketing automatizado, inbound marketing, marketing de contenidos y posicionamiento SEO\/SEM. Dominar\u00e1s herramientas como Google Analytics, Meta Ads, Google Ads, HubSpot, SEMrush y m\u00e1s, aprendiendo a interpretar m\u00e9tricas clave para optimizar la toma de decisiones.<\/p>\n<p>&nbsp;<\/p>\n<p>Tambi\u00e9n profundizar\u00e1s en la construcci\u00f3n de embudos de conversi\u00f3n, estrategias omnicanal, segmentaci\u00f3n avanzada, remarketing, an\u00e1lisis del comportamiento del consumidor digital y growth marketing. Todo esto, mientras trabajas con casos reales y proyectos integradores que simulan desaf\u00edos del mundo empresarial actual.<\/p>\n<p>&nbsp;<\/p>\n<p>Este curso te convertir\u00e1 en un estratega digital capaz de crear, escalar y medir campa\u00f1as que impacten. Ideal para profesionales del marketing, emprendedores, consultores y cualquier persona que desee dominar el ecosistema digital para hacer crecer marcas, negocios o proyectos personales con visi\u00f3n y criterio.<\/p>\n<p>&nbsp;<\/p>\n<section style=\"max-width: 1100px; margin: 40px auto; font-family: Arial,Helvetica,sans-serif;\">\n<div style=\"background: #ffffff; border-radius: 12px; box-shadow: 0 4px 12px rgba(0,0,0,0.08); padding: 32px;\">\n<h2 style=\"text-align: center; font-size: 28px; margin-bottom: 12px; color: #222;\">Diplomado en Marketing Digital<\/h2>\n<p style=\"text-align: center; color: #555; margin-bottom: 32px;\">Este diplomado permite abordar y utilizar los elementos del marketing digital en t\u00e9cnicas avanzadas orientadas al incremento de las ventas de las empresas y el desarrollo de estrategias comerciales y de mercadeo.<\/p>\n<div style=\"display: flex; gap: 16px; flex-wrap: wrap; justify-content: center; margin-bottom: 32px;\">\n<div style=\"flex: 1 1 200px; background: #f9f9f9; border-radius: 10px; padding: 20px; text-align: center;\">\n<h3 style=\"margin: 0 0 8px 0; font-size: 18px; color: #333;\">Modalidad<\/h3>\n<p style=\"margin: 0; color: #555;\">100% Virtual<\/p>\n<\/div>\n<div style=\"flex: 1 1 200px; background: #f9f9f9; border-radius: 10px; padding: 20px; text-align: center;\">\n<h3 style=\"margin: 0 0 8px 0; font-size: 18px; color: #333;\">Duraci\u00f3n<\/h3>\n<p style=\"margin: 0; color: #555;\">120 horas<\/p>\n<\/div>\n<div style=\"flex: 1 1 200px; background: #f9f9f9; border-radius: 10px; padding: 20px; text-align: center;\">\n<h3 style=\"margin: 0 0 8px 0; font-size: 18px; color: #333;\">Certificaci\u00f3n<\/h3>\n<p style=\"margin: 0; color: #555;\">Certificado al finalizar cada curso<\/p>\n<\/div>\n<\/div>\n<div style=\"display: flex; flex-direction: column; gap: 20px;\">\n<p><!-- Curso 1 --><\/p>\n<div style=\"background: #ffffff; border-radius: 10px; box-shadow: 0 2px 8px rgba(0,0,0,0.06); padding: 24px;\">\n<h4 style=\"margin: 0 0 12px 0; font-size: 20px; color: #222;\">Curso 1 &#8211; Principios del Marketing<\/h4>\n<h5 style=\"margin: 0 0 8px 0; font-size: 18px; color: #333;\">Unidad 1 &#8211; Fundamentos del Marketing en un mundo digital<\/h5>\n<ul style=\"margin: 0; padding-left: 20px; color: #444; line-height: 1.6;\">\n<li>Introducci\u00f3n al marketing<\/li>\n<li>Las necesidades como pilar del marketing<\/li>\n<li>El marketing en la sociedad<\/li>\n<li>Mix de marketing<\/li>\n<\/ul>\n<h5 style=\"margin: 16px 0 8px 0; font-size: 18px; color: #333;\">Unidad 2 &#8211; Producto en la esfera digital<\/h5>\n<ul style=\"margin: 0; padding-left: 20px; color: #444; line-height: 1.6;\">\n<li>Productos o tangibles<\/li>\n<li>Servicios o intangibles<\/li>\n<li>Productos y servicios en un mundo digital<\/li>\n<li>Modelos de mercado digital<\/li>\n<\/ul>\n<h5 style=\"margin: 16px 0 8px 0; font-size: 18px; color: #333;\">Unidad 3 &#8211; Precio y plaza, desaf\u00edos en un mundo digital<\/h5>\n<ul style=\"margin: 0; padding-left: 20px; color: #444; line-height: 1.6;\">\n<li>Precio<\/li>\n<li>Oferta y demanda<\/li>\n<li>Plaza<\/li>\n<li>Distribuci\u00f3n<\/li>\n<\/ul>\n<h5 style=\"margin: 16px 0 8px 0; font-size: 18px; color: #333;\">Unidad 4 &#8211; Promoci\u00f3n en un ecosistema digital<\/h5>\n<ul style=\"margin: 0; padding-left: 20px; color: #444; line-height: 1.6;\">\n<li>Promoci\u00f3n<\/li>\n<li>Marca<\/li>\n<li>Branding<\/li>\n<li>Campa\u00f1a Publicitaria<\/li>\n<\/ul>\n<\/div>\n<p><!-- Curso 2 --><\/p>\n<div style=\"background: #ffffff; border-radius: 10px; box-shadow: 0 2px 8px rgba(0,0,0,0.06); padding: 24px;\">\n<h4 style=\"margin: 0 0 12px 0; font-size: 20px; color: #222;\">Curso 2 &#8211; Marketing en un mundo Digital<\/h4>\n<h5 style=\"margin: 0 0 8px 0; font-size: 18px; color: #333;\">Unidad 1 &#8211; Marketing de atracci\u00f3n<\/h5>\n<ul style=\"margin: 0; padding-left: 20px; color: #444; line-height: 1.6;\">\n<li>Inbound marketing<\/li>\n<li>Content marketing<\/li>\n<li>Estrategia de marketing de contenido<\/li>\n<li>Copywriting<\/li>\n<\/ul>\n<h5 style=\"margin: 16px 0 8px 0; font-size: 18px; color: #333;\">Unidad 2 &#8211; Marketing web y monetizaci\u00f3n<\/h5>\n<ul style=\"margin: 0; padding-left: 20px; color: #444; line-height: 1.6;\">\n<li>La web y el dinero<\/li>\n<li>Webs y comercio electr\u00f3nico<\/li>\n<li>Monetizaci\u00f3n de contenidos<\/li>\n<li>Marketing mobile<\/li>\n<\/ul>\n<h5 style=\"margin: 16px 0 8px 0; font-size: 18px; color: #333;\">Unidad 3 &#8211; E-Mail Marketing y gesti\u00f3n de usuarios<\/h5>\n<ul style=\"margin: 0; padding-left: 20px; color: #444; line-height: 1.6;\">\n<li>E-mailing<\/li>\n<li>CRM<\/li>\n<\/ul>\n<h5 style=\"margin: 16px 0 8px 0; font-size: 18px; color: #333;\">Unidad 4 &#8211; Segmentaci\u00f3n<\/h5>\n<ul style=\"margin: 0; padding-left: 20px; color: #444; line-height: 1.6;\">\n<li>Creaci\u00f3n de p\u00fablicos y segmentaci\u00f3n avanzada<\/li>\n<li>Comportamientos de audiencias<\/li>\n<li>Buyer persona<\/li>\n<li>Embudo de ventas<\/li>\n<li>Publicidad de manera profesional<\/li>\n<\/ul>\n<\/div>\n<p><!-- Curso 3 --><\/p>\n<div style=\"background: #ffffff; border-radius: 10px; box-shadow: 0 2px 8px rgba(0,0,0,0.06); padding: 24px;\">\n<h4 style=\"margin: 0 0 12px 0; font-size: 20px; color: #222;\">Curso 3 &#8211; C\u00f3mo vender a trav\u00e9s de las Redes Sociales<\/h4>\n<h5 style=\"margin: 0 0 8px 0; font-size: 18px; color: #333;\">Unidad 1 &#8211; Facebook<\/h5>\n<ul style=\"margin: 0; padding-left: 20px; color: #444; line-height: 1.6;\">\n<li>Creaci\u00f3n de Fan page<\/li>\n<li>Herramientas de trabajo de Facebook &#8211; Facebook analytics<\/li>\n<li>Segmentaci\u00f3n por intereses<\/li>\n<li>Facebook Business Manager<\/li>\n<li>Administrador de anuncios<\/li>\n<li>Facebook e interacci\u00f3n web<\/li>\n<\/ul>\n<h5 style=\"margin: 16px 0 8px 0; font-size: 18px; color: #333;\">Unidad 2 &#8211; Instagram<\/h5>\n<ul style=\"margin: 0; padding-left: 20px; color: #444; line-height: 1.6;\">\n<li>Instagram en el ecosistema de Meta<\/li>\n<li>Campa\u00f1as en Instagram<\/li>\n<li>Publicaciones de Instagram<\/li>\n<li>Estrategias en Instagram<\/li>\n<\/ul>\n<h5 style=\"margin: 16px 0 8px 0; font-size: 18px; color: #333;\">Unidad 3 &#8211; LinkedIn<\/h5>\n<ul style=\"margin: 0; padding-left: 20px; color: #444; line-height: 1.6;\">\n<li>Qu\u00e9 es LinkedIn<\/li>\n<li>Campa\u00f1as en LinkedIn<\/li>\n<li>LinkedIn para empresas<\/li>\n<\/ul>\n<\/div>\n<p><!-- Curso 4 --><\/p>\n<div style=\"background: #ffffff; border-radius: 10px; box-shadow: 0 2px 8px rgba(0,0,0,0.06); padding: 24px;\">\n<h4 style=\"margin: 0 0 12px 0; font-size: 20px; color: #222;\">Curso 4 &#8211; Toma de decisiones en proyectos Digitales<\/h4>\n<h5 style=\"margin: 0 0 8px 0; font-size: 18px; color: #333;\">Unidad 1 &#8211; Anal\u00edtica y toma de decisiones<\/h5>\n<ul style=\"margin: 0; padding-left: 20px; color: #444; line-height: 1.6;\">\n<li>Testeos de campa\u00f1as<\/li>\n<li>Anal\u00edtica avanzada<\/li>\n<li>Google analytics<\/li>\n<li>Social media analytics<\/li>\n<\/ul>\n<h5 style=\"margin: 16px 0 8px 0; font-size: 18px; color: #333;\">Unidad 2 &#8211; Web y posicionamiento<\/h5>\n<ul style=\"margin: 0; padding-left: 20px; color: #444; line-height: 1.6;\">\n<li>Google Ads<\/li>\n<li>SEM Search Engine Marketing<\/li>\n<li>SEO Search Engine Optimization<\/li>\n<li>Remarketing<\/li>\n<\/ul>\n<\/div>\n<\/div>\n<div style=\"margin-top: 32px; text-align: center;\">\n<p style=\"color: #555; margin-bottom: 16px;\">F\u00f3rmate con una ruta completa de cursos especializados en marketing digital y potencia tus habilidades para la gesti\u00f3n estrat\u00e9gica, redes sociales, publicidad, anal\u00edtica y toma de decisiones en entornos digitales.<\/p>\n<\/div>\n<\/div>\n<\/section>","protected":false},"excerpt":{"rendered":"<p>Descubre c\u00f3mo conquistar el mundo digital con estrategias reales, pr\u00e1cticas y sin rodeos. Este curso avanzado de marketing digital est\u00e1 dise\u00f1ado para quienes ya conocen los fundamentos y quieren llevar su conocimiento al siguiente nivel, aplicando t\u00e1cticas efectivas que generan resultados medibles en entornos altamente competitivos. &nbsp; A lo largo del programa, aprender\u00e1s a dise\u00f1ar [&hellip;]<\/p>\n","protected":false},"featured_media":5630,"comment_status":"open","ping_status":"closed","template":"","meta":[],"product_brand":[],"product_cat":[96],"product_tag":[],"class_list":{"0":"post-5795","1":"product","2":"type-product","3":"status-publish","4":"has-post-thumbnail","6":"product_cat-marketing","8":"first","9":"instock","10":"virtual","11":"taxable","12":"purchasable","13":"product-type-simple"},"jetpack_sharing_enabled":true,"_links":{"self":[{"href":"https:\/\/ivirtuoacademy.com\/en\/wp-json\/wp\/v2\/product\/5795","targetHints":{"allow":["GET"]}}],"collection":[{"href":"https:\/\/ivirtuoacademy.com\/en\/wp-json\/wp\/v2\/product"}],"about":[{"href":"https:\/\/ivirtuoacademy.com\/en\/wp-json\/wp\/v2\/types\/product"}],"replies":[{"embeddable":true,"href":"https:\/\/ivirtuoacademy.com\/en\/wp-json\/wp\/v2\/comments?post=5795"}],"wp:featuredmedia":[{"embeddable":true,"href":"https:\/\/ivirtuoacademy.com\/en\/wp-json\/wp\/v2\/media\/5630"}],"wp:attachment":[{"href":"https:\/\/ivirtuoacademy.com\/en\/wp-json\/wp\/v2\/media?parent=5795"}],"wp:term":[{"taxonomy":"product_brand","embeddable":true,"href":"https:\/\/ivirtuoacademy.com\/en\/wp-json\/wp\/v2\/product_brand?post=5795"},{"taxonomy":"product_cat","embeddable":true,"href":"https:\/\/ivirtuoacademy.com\/en\/wp-json\/wp\/v2\/product_cat?post=5795"},{"taxonomy":"product_tag","embeddable":true,"href":"https:\/\/ivirtuoacademy.com\/en\/wp-json\/wp\/v2\/product_tag?post=5795"}],"curies":[{"name":"wp","href":"https:\/\/api.w.org\/{rel}","templated":true}]}}