{"id":5800,"date":"2025-06-05T14:57:22","date_gmt":"2025-06-05T19:57:22","guid":{"rendered":"https:\/\/ivirtuoacademy.com\/?post_type=product&#038;p=5800"},"modified":"2026-01-22T14:53:08","modified_gmt":"2026-01-22T19:53:08","slug":"sql-server-dominio-avanzado-de-datos","status":"publish","type":"product","link":"https:\/\/ivirtuoacademy.com\/en\/product\/sql-server-dominio-avanzado-de-datos\/","title":{"rendered":"SQL Server Dominio Avanzado de Datos"},"content":{"rendered":"<p>Bienvenido al curso de Microsoft SQL Server: Dominio Avanzado de Datos y Administraci\u00f3n, nivel avanzado.\u00a0<span style=\"font-size: 0.9375rem;\">Este curso te proporcionar\u00e1\u00a0 un conocimiento profundo y pr\u00e1ctico sobre el uso avanzado de SQL Server, con \u00e9nfasis en funciones y operadores avanzados, gesti\u00f3n y optimizaci\u00f3n de datos, Transact-SQL (T-SQL), as\u00ed como la implementaci\u00f3n efectiva de estrategias de respaldo, mantenimiento, automatizaci\u00f3n y recuperaci\u00f3n.<\/span><\/p>\n<p>&nbsp;<\/p>\n<section style=\"max-width: 1100px; margin: 40px auto; font-family: Arial,Helvetica,sans-serif;\">\n<div style=\"background: #ffffff; border-radius: 12px; box-shadow: 0 4px 12px rgba(0,0,0,0.08); padding: 32px;\">\n<h2 style=\"text-align: center; font-size: 28px; margin-bottom: 12px; color: #222;\">Curso SQL Server \u2013 Dominio Avanzado de Datos<\/h2>\n<p style=\"text-align: center; color: #555; margin-bottom: 32px;\">Profundiza en temas avanzados de SQL Server como funciones complejas, transacciones, mantenimiento de servidores, automatizaci\u00f3n y optimizaci\u00f3n avanzada de datos.<\/p>\n<div style=\"display: flex; gap: 16px; flex-wrap: wrap; justify-content: center; margin-bottom: 32px;\">\n<div style=\"flex: 1 1 200px; background: #f9f9f9; border-radius: 10px; padding: 20px; text-align: center;\">\n<h3 style=\"margin: 0 0 8px 0; font-size: 18px; color: #333;\">Modalidad<\/h3>\n<p style=\"margin: 0; color: #555;\">100% Virtual<\/p>\n<\/div>\n<div style=\"flex: 1 1 200px; background: #f9f9f9; border-radius: 10px; padding: 20px; text-align: center;\">\n<h3 style=\"margin: 0 0 8px 0; font-size: 18px; color: #333;\">Duraci\u00f3n<\/h3>\n<p style=\"margin: 0; color: #555;\">30 horas<\/p>\n<\/div>\n<div style=\"flex: 1 1 200px; background: #f9f9f9; border-radius: 10px; padding: 20px; text-align: center;\">\n<h3 style=\"margin: 0 0 8px 0; font-size: 18px; color: #333;\">Certificaci\u00f3n<\/h3>\n<p style=\"margin: 0; color: #555;\">Certificado al finalizar<\/p>\n<\/div>\n<\/div>\n<div style=\"display: flex; flex-direction: column; gap: 20px;\">\n<p><!-- Unidad 1 --><\/p>\n<div style=\"background: #ffffff; border-radius: 10px; box-shadow: 0 2px 8px rgba(0,0,0,0.06); padding: 24px;\">\n<h4 style=\"margin: 0 0 12px 0; font-size: 20px; color: #222;\">Unidad 1: Funciones avanzadas en SQL<\/h4>\n<ul style=\"margin: 0; padding-left: 20px; color: #444; line-height: 1.6;\">\n<li>Funciones de conversi\u00f3n y de seguridad<\/li>\n<li>Funciones integradas al sistema<\/li>\n<li>Funciones definidas por el usuario y escalares<\/li>\n<li>Funciones para el manejo de cadenas<\/li>\n<\/ul>\n<\/div>\n<p><!-- Unidad 2 --><\/p>\n<div style=\"background: #ffffff; border-radius: 10px; box-shadow: 0 2px 8px rgba(0,0,0,0.06); padding: 24px;\">\n<h4 style=\"margin: 0 0 12px 0; font-size: 20px; color: #222;\">Unidad 2: Gesti\u00f3n avanzada de datos<\/h4>\n<ul style=\"margin: 0; padding-left: 20px; color: #444; line-height: 1.6;\">\n<li>Tablas temporales<\/li>\n<li>Reporting Services y ETL<\/li>\n<li>\u00cdndices y optimizaci\u00f3n de consultas<\/li>\n<\/ul>\n<\/div>\n<p><!-- Unidad 3 --><\/p>\n<div style=\"background: #ffffff; border-radius: 10px; box-shadow: 0 2px 8px rgba(0,0,0,0.06); padding: 24px;\">\n<h4 style=\"margin: 0 0 12px 0; font-size: 20px; color: #222;\">Unidad 3: Transact-SQL (T-SQL)<\/h4>\n<ul style=\"margin: 0; padding-left: 20px; color: #444; line-height: 1.6;\">\n<li>Consultas y joins en T-SQL<\/li>\n<li>Funciones y procedimientos almacenados en T-SQL<\/li>\n<li>Transacciones y subconsultas<\/li>\n<li>Vistas y manipulaci\u00f3n de datos en T-SQL<\/li>\n<\/ul>\n<\/div>\n<p><!-- Unidad 4 --><\/p>\n<div style=\"background: #ffffff; border-radius: 10px; box-shadow: 0 2px 8px rgba(0,0,0,0.06); padding: 24px;\">\n<h4 style=\"margin: 0 0 12px 0; font-size: 20px; color: #222;\">Unidad 4: Mantenimiento y automatizaci\u00f3n<\/h4>\n<ul style=\"margin: 0; padding-left: 20px; color: #444; line-height: 1.6;\">\n<li>Planificaci\u00f3n de respaldo y estrategias<\/li>\n<li>Seguridad y programaci\u00f3n de tareas<\/li>\n<li>Acciones correctivas y puntos de control<\/li>\n<\/ul>\n<\/div>\n<\/div>\n<div style=\"margin-top: 32px; text-align: center;\">\n<p style=\"color: #555; margin-bottom: 16px;\">Profundiza tus conocimientos en SQL Server con temas avanzados de funciones, transacciones, optimizaci\u00f3n, mantenimiento y automatizaci\u00f3n.<\/p>\n<\/div>\n<\/div>\n<\/section>","protected":false},"excerpt":{"rendered":"<p>Bienvenido al curso de Microsoft SQL Server: Dominio Avanzado de Datos y Administraci\u00f3n, nivel avanzado.\u00a0Este curso te proporcionar\u00e1\u00a0 un conocimiento profundo y pr\u00e1ctico sobre el uso avanzado de SQL Server, con \u00e9nfasis en funciones y operadores avanzados, gesti\u00f3n y optimizaci\u00f3n de datos, Transact-SQL (T-SQL), as\u00ed como la implementaci\u00f3n efectiva de estrategias de respaldo, mantenimiento, automatizaci\u00f3n [&hellip;]<\/p>\n","protected":false},"featured_media":5620,"comment_status":"open","ping_status":"closed","template":"","meta":[],"product_brand":[],"product_cat":[97],"product_tag":[],"class_list":{"0":"post-5800","1":"product","2":"type-product","3":"status-publish","4":"has-post-thumbnail","6":"product_cat-ti","8":"first","9":"instock","10":"taxable","11":"shipping-taxable","12":"purchasable","13":"product-type-simple"},"jetpack_sharing_enabled":true,"_links":{"self":[{"href":"https:\/\/ivirtuoacademy.com\/en\/wp-json\/wp\/v2\/product\/5800","targetHints":{"allow":["GET"]}}],"collection":[{"href":"https:\/\/ivirtuoacademy.com\/en\/wp-json\/wp\/v2\/product"}],"about":[{"href":"https:\/\/ivirtuoacademy.com\/en\/wp-json\/wp\/v2\/types\/product"}],"replies":[{"embeddable":true,"href":"https:\/\/ivirtuoacademy.com\/en\/wp-json\/wp\/v2\/comments?post=5800"}],"wp:featuredmedia":[{"embeddable":true,"href":"https:\/\/ivirtuoacademy.com\/en\/wp-json\/wp\/v2\/media\/5620"}],"wp:attachment":[{"href":"https:\/\/ivirtuoacademy.com\/en\/wp-json\/wp\/v2\/media?parent=5800"}],"wp:term":[{"taxonomy":"product_brand","embeddable":true,"href":"https:\/\/ivirtuoacademy.com\/en\/wp-json\/wp\/v2\/product_brand?post=5800"},{"taxonomy":"product_cat","embeddable":true,"href":"https:\/\/ivirtuoacademy.com\/en\/wp-json\/wp\/v2\/product_cat?post=5800"},{"taxonomy":"product_tag","embeddable":true,"href":"https:\/\/ivirtuoacademy.com\/en\/wp-json\/wp\/v2\/product_tag?post=5800"}],"curies":[{"name":"wp","href":"https:\/\/api.w.org\/{rel}","templated":true}]}}