{"id":5847,"date":"2025-08-08T16:09:26","date_gmt":"2025-08-08T21:09:26","guid":{"rendered":"https:\/\/ivirtuoacademy.com\/?post_type=product&#038;p=5847"},"modified":"2026-01-22T14:44:20","modified_gmt":"2026-01-22T19:44:20","slug":"automatiza-con-ia-prompting-avanzado","status":"publish","type":"product","link":"https:\/\/ivirtuoacademy.com\/en\/product\/automatiza-con-ia-prompting-avanzado\/","title":{"rendered":"Automatiza con IA &#8211; Prompting Avanzado"},"content":{"rendered":"<p>Convi\u00e9rtete en un experto en interactuar con inteligencia artificial y multiplica tu impacto profesional dominando la creaci\u00f3n de instrucciones precisas y efectivas que maximicen resultados y automatizan tareas complejas. Este curso est\u00e1 pensado para quienes quieren ir m\u00e1s all\u00e1 de usar la IA de forma b\u00e1sica y aprender a integrarla de manera estrat\u00e9gica en flujos de trabajo reales, transformando procesos repetitivos en soluciones inteligentes.<\/p>\n<p>&nbsp;<\/p>\n<p>A trav\u00e9s de una metodolog\u00eda 100 % virtual y autoformaci\u00f3n, aprender\u00e1s a dise\u00f1ar prompts avanzados que permiten a los modelos de IA comprender tus necesidades con claridad, generar resultados \u00fatiles y apoyarte en la automatizaci\u00f3n de actividades diarias o profesionales. El curso te guiar\u00e1 para potenciar tus habilidades, aumentar productividad y aprovechar al m\u00e1ximo las herramientas de inteligencia artificial disponibles, con un enfoque pr\u00e1ctico y orientado a la aplicaci\u00f3n inmediata.<\/p>\n<p>&nbsp;<\/p>\n<p>Al finalizar, recibir\u00e1s tu certificado descargable, respaldando tu dominio de prompting avanzado y abri\u00e9ndote puertas para incorporar soluciones de IA en tu vida laboral o proyectos personales de forma eficiente y escalable. Este curso es ideal para profesionales, emprendedores y creativos que desean integrar la inteligencia artificial como una herramienta clave en su crecimiento.<\/p>","protected":false},"excerpt":{"rendered":"<h4>Este es el curso que te convierte en un experto en IA<\/h4>\n<p>Aprende a dise\u00f1ar instrucciones de automatizaci\u00f3n avanzadas que integren la IA en tus flujos de trabajo de forma eficiente, segura y escalable. Convierte tareas repetitivas en proceso inteligentes.<\/p>","protected":false},"featured_media":5848,"comment_status":"open","ping_status":"closed","template":"","meta":[],"product_brand":[],"product_cat":[97],"product_tag":[],"class_list":{"0":"post-5847","1":"product","2":"type-product","3":"status-publish","4":"has-post-thumbnail","6":"product_cat-ti","8":"first","9":"instock","10":"taxable","11":"shipping-taxable","12":"product-type-external"},"jetpack_sharing_enabled":true,"_links":{"self":[{"href":"https:\/\/ivirtuoacademy.com\/en\/wp-json\/wp\/v2\/product\/5847","targetHints":{"allow":["GET"]}}],"collection":[{"href":"https:\/\/ivirtuoacademy.com\/en\/wp-json\/wp\/v2\/product"}],"about":[{"href":"https:\/\/ivirtuoacademy.com\/en\/wp-json\/wp\/v2\/types\/product"}],"replies":[{"embeddable":true,"href":"https:\/\/ivirtuoacademy.com\/en\/wp-json\/wp\/v2\/comments?post=5847"}],"wp:featuredmedia":[{"embeddable":true,"href":"https:\/\/ivirtuoacademy.com\/en\/wp-json\/wp\/v2\/media\/5848"}],"wp:attachment":[{"href":"https:\/\/ivirtuoacademy.com\/en\/wp-json\/wp\/v2\/media?parent=5847"}],"wp:term":[{"taxonomy":"product_brand","embeddable":true,"href":"https:\/\/ivirtuoacademy.com\/en\/wp-json\/wp\/v2\/product_brand?post=5847"},{"taxonomy":"product_cat","embeddable":true,"href":"https:\/\/ivirtuoacademy.com\/en\/wp-json\/wp\/v2\/product_cat?post=5847"},{"taxonomy":"product_tag","embeddable":true,"href":"https:\/\/ivirtuoacademy.com\/en\/wp-json\/wp\/v2\/product_tag?post=5847"}],"curies":[{"name":"wp","href":"https:\/\/api.w.org\/{rel}","templated":true}]}}